{"id":200,"date":"2022-11-04T11:06:39","date_gmt":"2022-11-04T10:06:39","guid":{"rendered":"https:\/\/cv.axelk.dk\/?page_id=200"},"modified":"2022-11-26T11:23:07","modified_gmt":"2022-11-26T10:23:07","slug":"konsulent-bistand","status":"publish","type":"page","link":"https:\/\/cv.axelk.dk\/index.php\/konsulent-bistand\/","title":{"rendered":"Konsulent bistand"},"content":{"rendered":"<div class=\"wp-block-image\">\n<figure class=\"alignright size-full is-resized\"><img loading=\"lazy\" decoding=\"async\" src=\"https:\/\/cv.axelk.dk\/wp-content\/uploads\/2022\/11\/logo_venstre.png\" alt=\"\" class=\"wp-image-206\" width=\"161\" height=\"121\"\/><\/figure>\n<\/div>\n\n\n<p>Hvis du har brug for konsulentbistand inden for IT, s\u00e5 kan jeg hj\u00e6lpe dig med planl\u00e6gning, etablering og drift af infrastruktur.<\/p>\n\n\n\n<p>Hvis du har brug for andet it-relateret arbejde, s\u00e5 sp\u00f8rg p\u00e5 6167 7198<\/p>\n\n\n\n<p>CVR: 17236784<\/p>\n\n\n\n<ul class=\"wp-block-list\"><\/ul>\n","protected":false},"excerpt":{"rendered":"<p>Hvis du har brug for konsulentbistand inden for IT, s\u00e5 kan jeg hj\u00e6lpe dig med planl\u00e6gning, etablering og drift af infrastruktur. Hvis du har brug for andet it-relateret arbejde, s\u00e5 sp\u00f8rg p\u00e5 6167 7198 CVR: 17236784<\/p>\n","protected":false},"author":1,"featured_media":0,"parent":0,"menu_order":0,"comment_status":"closed","ping_status":"closed","template":"","meta":{"footnotes":""},"class_list":["post-200","page","type-page","status-publish","hentry"],"_links":{"self":[{"href":"https:\/\/cv.axelk.dk\/index.php\/wp-json\/wp\/v2\/pages\/200","targetHints":{"allow":["GET"]}}],"collection":[{"href":"https:\/\/cv.axelk.dk\/index.php\/wp-json\/wp\/v2\/pages"}],"about":[{"href":"https:\/\/cv.axelk.dk\/index.php\/wp-json\/wp\/v2\/types\/page"}],"author":[{"embeddable":true,"href":"https:\/\/cv.axelk.dk\/index.php\/wp-json\/wp\/v2\/users\/1"}],"replies":[{"embeddable":true,"href":"https:\/\/cv.axelk.dk\/index.php\/wp-json\/wp\/v2\/comments?post=200"}],"version-history":[{"count":4,"href":"https:\/\/cv.axelk.dk\/index.php\/wp-json\/wp\/v2\/pages\/200\/revisions"}],"predecessor-version":[{"id":210,"href":"https:\/\/cv.axelk.dk\/index.php\/wp-json\/wp\/v2\/pages\/200\/revisions\/210"}],"wp:attachment":[{"href":"https:\/\/cv.axelk.dk\/index.php\/wp-json\/wp\/v2\/media?parent=200"}],"curies":[{"name":"wp","href":"https:\/\/api.w.org\/{rel}","templated":true}]}}