{"id":7,"date":"2018-02-09T18:08:29","date_gmt":"2018-02-09T17:08:29","guid":{"rendered":"http:\/\/ny.axelk.dk\/?page_id=7"},"modified":"2022-11-04T11:31:15","modified_gmt":"2022-11-04T10:31:15","slug":"hjem","status":"publish","type":"page","link":"https:\/\/cv.axelk.dk\/","title":{"rendered":"Om mig"},"content":{"rendered":"<div class=\"wp-block-image\">\n<figure class=\"alignright size-large is-resized\"><img loading=\"lazy\" decoding=\"async\" src=\"https:\/\/cv.axelk.dk\/wp-content\/uploads\/2022\/02\/Importeretfoto-818x1024.jpg\" alt=\"\" class=\"wp-image-182\" width=\"205\" height=\"256\" srcset=\"https:\/\/cv.axelk.dk\/wp-content\/uploads\/2022\/02\/Importeretfoto-818x1024.jpg 818w, https:\/\/cv.axelk.dk\/wp-content\/uploads\/2022\/02\/Importeretfoto-240x300.jpg 240w, https:\/\/cv.axelk.dk\/wp-content\/uploads\/2022\/02\/Importeretfoto-768x961.jpg 768w, https:\/\/cv.axelk.dk\/wp-content\/uploads\/2022\/02\/Importeretfoto-1227x1536.jpg 1227w, https:\/\/cv.axelk.dk\/wp-content\/uploads\/2022\/02\/Importeretfoto-1636x2048.jpg 1636w, https:\/\/cv.axelk.dk\/wp-content\/uploads\/2022\/02\/Importeretfoto-scaled.jpg 2045w\" sizes=\"auto, (max-width: 205px) 100vw, 205px\" \/><\/figure>\n<\/div>\n\n<p>Min uddannelsesm\u00e6ssige baggrund er en uddannelse som Master i IT bygget oven p\u00e5 en produktionsingeni\u00f8r og maskinarbejder uddannelser. Mine erfaringer ligger inden for drift og udvikling af it-infrastruktur, hvor jeg l\u00e6gger v\u00e6gt p\u00e5 f\u00f8lgende:<\/p>\n<ul>\n<li>Anvendelse af infrastruktur og systemer i samarbejde med organisationen, s\u00e5 arbejdsprocesser underst\u00f8ttes maksimalt.<\/li>\n<li>Systemadministration med fokus p\u00e5 stabil og sikker drift med hensigtsm\u00e6ssig planl\u00e6gning og v\u00e6gt mellem ambitioner og \u00f8konomi<\/li>\n<li>Dokumentation af systemer og drift, samt opsamling af erfaringer, s\u00e5ledes at s\u00e5rbarheden mindskes.<\/li>\n<li>IT-sikkerhed hvor teknikken ikke st\u00e5r alene, men er i samspil mellem brugernes bevidsthed, ledelsens opm\u00e6rksomhed samt en fornuftig revision.<\/li>\n<li>Fremsynethed med henblik p\u00e5 valg af teknologier ved bl.a. at benytte standarder og grundl\u00e6ggende sund fornuft.<\/li>\n<\/ul>\n<p>Som systemadministrator er jeg:<\/p>\n<ul>\n<li>God til fejlfinding p\u00e5 komplekse systemer<\/li>\n<li>God til at skabe overblik<\/li>\n<\/ul>\n<p>Udover erfaringer med systemadministration, har jeg ogs\u00e5 erfaring med administration og<br>regnskab, b\u00e5de igennem mit arbejde i Nordjyllands Amt med budget og regnskab for en<br>institution, men ogs\u00e5 som regnskabsf\u00f8rer for vores haveforening og min kones<br>virksomhed siden 2002.<\/p>\n<p>Privat er jeg gift med Inge siden 1988. Inge er uddannet som phyto- og zoneterapeut. Derudover skriver Inge b\u00f8ger om kr\u00e6ft og alternativ behandling. Sammen har vi Vibe, der er cand.mag i film- og medievidenskab.<\/p>\n<p>Jeg er \u00e5rgang 1956.<\/p>","protected":false},"excerpt":{"rendered":"<p>Min uddannelsesm\u00e6ssige baggrund er en uddannelse som Master i IT bygget oven p\u00e5 en produktionsingeni\u00f8r og maskinarbejder uddannelser. Mine erfaringer ligger inden for drift og udvikling af it-infrastruktur, hvor jeg l\u00e6gger v\u00e6gt p\u00e5 f\u00f8lgende: Anvendelse af infrastruktur og systemer i &hellip; <a href=\"https:\/\/cv.axelk.dk\/\">Continue reading <span class=\"meta-nav\">&rarr;<\/span><\/a><\/p>\n","protected":false},"author":1,"featured_media":0,"parent":0,"menu_order":0,"comment_status":"closed","ping_status":"closed","template":"","meta":{"footnotes":""},"class_list":["post-7","page","type-page","status-publish","hentry"],"_links":{"self":[{"href":"https:\/\/cv.axelk.dk\/index.php\/wp-json\/wp\/v2\/pages\/7","targetHints":{"allow":["GET"]}}],"collection":[{"href":"https:\/\/cv.axelk.dk\/index.php\/wp-json\/wp\/v2\/pages"}],"about":[{"href":"https:\/\/cv.axelk.dk\/index.php\/wp-json\/wp\/v2\/types\/page"}],"author":[{"embeddable":true,"href":"https:\/\/cv.axelk.dk\/index.php\/wp-json\/wp\/v2\/users\/1"}],"replies":[{"embeddable":true,"href":"https:\/\/cv.axelk.dk\/index.php\/wp-json\/wp\/v2\/comments?post=7"}],"version-history":[{"count":14,"href":"https:\/\/cv.axelk.dk\/index.php\/wp-json\/wp\/v2\/pages\/7\/revisions"}],"predecessor-version":[{"id":203,"href":"https:\/\/cv.axelk.dk\/index.php\/wp-json\/wp\/v2\/pages\/7\/revisions\/203"}],"wp:attachment":[{"href":"https:\/\/cv.axelk.dk\/index.php\/wp-json\/wp\/v2\/media?parent=7"}],"curies":[{"name":"wp","href":"https:\/\/api.w.org\/{rel}","templated":true}]}}